{"id":1818,"date":"2020-12-10T10:53:46","date_gmt":"2020-12-10T10:53:46","guid":{"rendered":"https:\/\/pastisseriamontserratcardona.com\/politica-de-privacitat\/"},"modified":"2021-02-11T15:07:58","modified_gmt":"2021-02-11T15:07:58","slug":"politica-de-privacitat","status":"publish","type":"page","link":"https:\/\/pastisseriamontserratcardona.com\/es\/politica-de-privacitat\/","title":{"rendered":"Pol\u00edtica de privacidad"},"content":{"rendered":"<h2 class=\"p1\">Pol\u00edtica de privacidad<\/h2>\n<p>&nbsp;<\/p>\n<p class=\"p1\">RESPONSABLE<\/p>\n<p>Identidad y datos de contacto<\/p>\n<p>Denominaci\u00f3n social: <strong>RUBIO PASTISSERS, S.L.<\/strong><\/p>\n<p>Direcci\u00f3n postal: <strong>C\/ Cambres 4, bajos &#8211; 08261 Cardona (Barcelona)<\/strong><\/p>\n<p>Correo electr\u00f3nico: <a href=\"mailto:info@pastisseriamontserratcardona.com\">info@pastisseriamontserratcardona.com<\/a><\/p>\n<p>&nbsp;<\/p>\n<p>En cumplimiento de lo dispuesto en el art\u00edculo 11 de la Ley Org\u00e1nica 3\/2018, de 5 de diciembre, de Protecci\u00f3n de Datos Personales y Garant\u00eda de los Derechos Digitales (en adelante, LOPDPGDD), <strong>RUBIO PASTISSERS, S.L.<\/strong> le informa que los datos de car\u00e1cter personal que nos proporcione durante su navegaci\u00f3n y\/o mediante el relleno de formularios del sitio web ser\u00e1n objeto de tratamiento por parte de <strong>RUBIO PASTISSERS, S.L.<\/strong>, que tiene por finalidad gestionar los servicios\/productos ofrecidos por <strong>RUBIO PASTISSERS, S.L.<\/strong>, realizar tareas administrativas relacionadas con los servicios\/productos ofrecidos y ofrecerle un servicio \u00f3ptimo y de calidad mediante el sitio web y\/o la indicada en la cl\u00e1usula de protecci\u00f3n de datos se que encuentre en el formulario que rellene.<\/p>\n<ul>\n<li>Incorporaci\u00f3n de los datos personales en el fichero de <strong>RUBIO PASTISSERS, S.L.<\/strong>, utilidad y finalidad<\/li>\n<\/ul>\n<p>En cumplimiento del Reglamento (UE) 2016\/679 del Parlamento Europeo y del Consejo del 27 de abril de 2016, relativo a la protecci\u00f3n de las personas f\u00edsicas en relaci\u00f3n al tratamiento de datos personales y a la libre circulaci\u00f3n de estos datos y su normativa de desarrollo, se informa que los datos personales que usted proporcione ser\u00e1n tratados con la finalidad de facilitarle informaci\u00f3n sobre sus productos y nuestros servicios o, en su caso, gestionar la contrataci\u00f3n de nuestros productos a trav\u00e9s de la tienda online de nuestra p\u00e1gina web.<\/p>\n<p>Usamos la informaci\u00f3n de que disponemos, seg\u00fan sus decisiones, para proporcionarle un servicio de calidad y garantizar su funcionamiento. La informaci\u00f3n proporcionada tambi\u00e9n le servir\u00e1 para acceder y utilizar nuestro sitio web y proporcionarle informaci\u00f3n sobre los productos y servicios que desee. En caso que realice alguna compra, servir\u00e1 para gestionarla. En caso que participe en alg\u00fan concurso o sorteo que organice <strong>RUBIO PASTISSERS, S.L.<\/strong>, servir\u00e1 para poder gestionar su participaci\u00f3n.<\/p>\n<p>Adem\u00e1s, utilizamos la informaci\u00f3n de que disponemos para poder combatir conductas perjudiciales, sospechosas o infracciones de nuestras condiciones y pol\u00edticas, detectar y prevenir spams y conservar la integridad de nuestros productos, servicios y datos recopilados, adoptando las MEDIDAS DE SEGURIDAD pertinentes conforme los datos recopilados y las finalidades de tratamiento para garantizar la confidencialidad y seguridad de las suyas de car\u00e1cter personal cuando son objeto de tratamiento, en la medida en que nuestra entidad tiene implementadas las pol\u00edticas de tratamiento y de medidas de seguridad a las que se refiere la normativa europea vigente en materia de protecci\u00f3n de datos de car\u00e1cter personal. Las pol\u00edticas de seguridad implementadas por <strong>RUBIO PASTISSERS, S.L.<\/strong> previenen la alteraci\u00f3n, p\u00e9rdida, tratamiento o uso no autorizado de sus datos de car\u00e1cter personal.<\/p>\n<p>Tambi\u00e9n utilizamos la informaci\u00f3n que nos proporcione para responderle cuando se ponga en contacto con nosotros o para comunicarnos con usted en los supuestos en que est\u00e1 legalmente permitido.<\/p>\n<p>Los datos recogidos no ser\u00e1n tratados de forma incompatible con las finalidades indicadas.<\/p>\n<p>&nbsp;<\/p>\n<p class=\"p1\">2) Informaci\u00f3n recogida<\/p>\n<p>Los tipos de informaci\u00f3n recogida por <strong>RUBIO PASTISSERS, S.L.<\/strong> depende del uso que usted haga del sitio web, la informaci\u00f3n sobre la informaci\u00f3n que recopilamos y c\u00f3mo eliminarla la encontrar\u00e1 en el apartado relativo al ejercicio de derechos de esta POL\u00cdTICA DE PRIVACIDAD.<\/p>\n<p>Recopilamos la informaci\u00f3n que nos proporcione cuando navega por nuestro sitio web, espec\u00edficamente los datos de identificaci\u00f3n y registro incluidos en formularios y mensajes que nos comuniquen mediante estos mismos formularios. Estos datos pueden incluir: su nombre y apellidos y su correo electr\u00f3nico, adem\u00e1s de otros datos necesarios para procesar su solicitud o comunicaci\u00f3n.<\/p>\n<p>Podemos recibir informaci\u00f3n de identificaci\u00f3n cuando no env\u00ede un correo electr\u00f3nico o cuando contacte con nosotros.<\/p>\n<p>Podemos recibir, en la actualidad o en el futuro, informaci\u00f3n de identificaci\u00f3n cuando acceda o inicie sesi\u00f3n en otra p\u00e1gina web, por ejemplo una red social, desde nuestro sitio web. Esto puede incluir texto y\/o im\u00e1genes de la Informaci\u00f3n Personal Identificable disponible en estas terceras p\u00e1ginas.<\/p>\n<p>En el supuesto en que nuestro sitio web le posibilite, en la actualidad o en el futuro, pagar por servicios ofrecidos por R<strong>UBIO PASTISSERS, S.L.<\/strong> usando una tarjeta de cr\u00e9dito a trav\u00e9s de proveedores que realicen la tramitaci\u00f3n de pago a trav\u00e9s de terceros, es importante que tenga constancia que ser\u00e1 nuestro proveedor de servicios, y no <strong>RUBIO PASTISSERS, S.L.,<\/strong> quien recoja y procese la informaci\u00f3n de su tarjeta de cr\u00e9dito.<\/p>\n<p>La respuesta a los formularios planteados para recibir informaci\u00f3n de los servicios ofrecidos por <strong>RUBIO PASTISSERS, S.L.,<\/strong> as\u00ed como de cualquier otro cuestionario que pueda facilitarse en un futuro, es totalmente potestativa. No obstante, la negativa del cliente o usuario a facilitar determinados datos podr\u00e1 imposibilitar la prestaci\u00f3n de los servicios ofrecidos por <strong>RUBIO PASTISSERS, S.L.<\/strong><\/p>\n<p>Le informamos que tambi\u00e9n utilizamos (o podemos utilizar) galletas (cookies) mientras visita nuestro sitio web. Para mayor informaci\u00f3n sobre nuestro uso de cookies, por favor dir\u00edjase a nuestra POL\u00cdTICA DE COOKIES.<\/p>\n<p>&nbsp;<\/p>\n<p class=\"p1\">3) Procedencia de la informaci\u00f3n y base legal de legitimaci\u00f3n<\/p>\n<p>La informaci\u00f3n que recogemos mediante el sitio web proviene exclusivamente de usted. No recibimos datos de terceros ni de fuentes de acceso p\u00fablico.<\/p>\n<p>La base legal para el tratamiento de sus datos es el siguiente:<\/p>\n<p>Consentimiento prestado mediante aceptaci\u00f3n expresa en la presente POL\u00cdTICA DE PRIVACIDAD, el cual puede ser revocado en cualquier momento. Para mayor informaci\u00f3n sobre la posibilidad de revocar su consentimiento, dir\u00edjase al apartado relativo al ejercicio de derechos de esta POL\u00cdTICA DE PRIVACIDAD.<\/p>\n<p>Ejecuci\u00f3n del contrato en que usted sea parte o por la aplicaci\u00f3n de medidas precontractuales.<\/p>\n<p>Cumplimiento de obligaciones legales aplicables a <strong>RUBIO PASTISSERS, S.L.<\/strong><\/p>\n<p>Inter\u00e9s leg\u00edtimo de <strong>RUBIO PASTISSERS, S.L.<\/strong>, cuando as\u00ed se desprenda de la voluntad de los usuarios, respetando siempre sus derechos y su privacidad.<\/p>\n<p>&nbsp;<\/p>\n<p class=\"p1\">4) Actualizaci\u00f3n de la informaci\u00f3n<\/p>\n<p>Toda la informaci\u00f3n que facilite el usuario a trav\u00e9s del registro o rellenando los formularios del sitio web deber\u00e1 ser ver\u00eddica. Asimismo, ser\u00e1 responsabilidad del usuario mantener toda la informaci\u00f3n facilitada a <strong>RUBIO PASTISSERS, S.L.<\/strong> permanentemente actualizada de forma que responda, en cada momento, a la situaci\u00f3n real del usuario. El usuario ser\u00e1 el \u00fanico responsable de las manifestaciones falsas o inexactas que realice y de los perjuicios que cause a <strong>RUBIO PASTISSERS, S.L.<\/strong> o a terceros por la informaci\u00f3n que facilite.<\/p>\n<p>Rogamos comunique inmediatamente a <strong>RUBIO PASTISSERS, S.L.<\/strong> cualquier cambio o modificaci\u00f3n que se produzca en relaci\u00f3n con los datos que ha proporcionado, con la finalidad que estos respondan con veracidad a su situaci\u00f3n personal en todo momento.<\/p>\n<p>&nbsp;<\/p>\n<p class=\"p1\">5) Cesi\u00f3n de datos de car\u00e1cter personal a terceros<\/p>\n<p>Los datos no se comunicar\u00e1n ni se transferir\u00e1n a terceros, excepto a los posibles ENCARGADOS DE TRATAMIENTO (proveedores que prestan un servicio a <strong>RUBIO PASTISSERS, S.L.<\/strong>). Podemos compartir informaci\u00f3n con las autoridades gubernativas o judiciales en respuesta a comparecencias, \u00f3rdenes o requerimientos judiciales u otros procesos legales o para cualquier otro asunto requerido por la ley.<\/p>\n<p>Para su comodidad e inter\u00e9s, podemos proporcionar v\u00ednculos a sitios web que gestionan distintas entidades (\u201cp\u00e1ginas de terceros\u201d). No difundimos su informaci\u00f3n a estas p\u00e1ginas de terceros sin su consentimiento. Sin embargo, no aprobamos ni somos responsables de las pr\u00e1cticas de privacidad de estas p\u00e1ginas. Si decide entrar en un enlace de una de estas p\u00e1ginas de terceros, deber\u00eda revisar la pol\u00edtica de privacidad publicada en la otra p\u00e1gina para entender c\u00f3mo esta p\u00e1gina de terceros recoge y usa sus datos personales.<\/p>\n<p>&nbsp;<\/p>\n<p class=\"p1\">6) Medidas de seguridad<\/p>\n<p><strong>RUBIO PASTISSERS, S.L.<\/strong> implementar\u00e1 las medidas de seguridad que sean de aplicaci\u00f3n en cada momento, y en particular las apuntadas en los art\u00edculos 24 y 25 RGPD y 28 LOPDPGDD y normativa de desarrollo.<\/p>\n<p>Cualquier informaci\u00f3n personal se encriptar\u00e1 antes de ser transmitida. En este sentido, <strong>RUBIO PASTISSERS, S.L.<\/strong> trabaja con un servidor seguro utilizando un protocolo SSL (Secure Socket Layer). El servidor seguro establece una conexi\u00f3n de manera que la informaci\u00f3n se transmite cifrada mediante algoritmos de 128 bits, que garantizan que \u00fanicamente sea inteligible para el ordenador del cliente y del sitio web. As\u00ed, al utilizar este protocolo se garantiza: 1) que el cliente est\u00e1 comunicando sus datos al centro servidor de <strong>RUBIO PASTISSERS<\/strong>, S.L. y no a cualquier otro que intente hacerse pasar por \u00e9l; 2) que entre el cliente y el centro de <strong>RUBIO PASTISSERS, S.L.<\/strong> los datos se transmiten cifrados, evitando en la medida de lo posible la lectura o manipulaci\u00f3n de terceros.<\/p>\n<p>&nbsp;<\/p>\n<p class=\"p1\">7) Conservaci\u00f3n de datos<\/p>\n<p>Los datos personales proporcionados se conservar\u00e1n durante el tiempo necesario para el cumplimiento de las finalidades previstas en el tratamiento. El tiempo de conservaci\u00f3n de sus datos depender\u00e1 de las finalidades para los que son recogidos y el cumplimiento de las obligaciones legales de RUBIO PASTISSERS, S.L. Los datos se conservar\u00e1n mientras no se solicite la supresi\u00f3n por el interesado. Para mayor informaci\u00f3n sobre c\u00f3mo suprimir sus datos, dir\u00edjase al apartado relativo al ejercicio de estos derechos de esta POL\u00cdTICA DE PRIVACIDAD.<\/p>\n<p>&nbsp;<\/p>\n<p>8) Pol\u00edtica de menores<\/p>\n<p>Quien facilite los datos a trav\u00e9s de formularios o correos electr\u00f3nicos de este sitio web y acepta su tratamiento declara formalmente ser mayor de 14 a\u00f1os. RUBIO PASTISSERS, S.L. recuerda a las personas mayores de edad que tengan menores a su cargo que ser\u00e1 de su exclusiva responsabilidad si alg\u00fan menor incorpora sus datos para registrarse o solicitar informaci\u00f3n sobre nuestros productos\/servicios. Tambi\u00e9n informa que existen programas inform\u00e1ticos para acotar la navegaci\u00f3n mediante o filtro o bloqueo de determinados contenidos.<\/p>\n<p>&nbsp;<\/p>\n<p class=\"p1\">9) Redes sociales<\/p>\n<p>Al seguir nuestro perfil de redes sociales presta su expl\u00edcito consentimiento al tratamiento al tratamiento de sus datos personales conforme la pol\u00edtica de privacidad de las respectivas redes sociales. Tambi\u00e9n muestra su expl\u00edcito consentimiento al acceso de R<strong>UBIO PASTISSERS, S.L.<\/strong> para el tratamiento de sus datos contenidos en la lista de amigos o seguidores y a que las noticias publicadas sobre los productos\/servicios ofrecidos por <strong>RUBIO PASTISSERS, S.L.<\/strong> aparezcan en su muro. De conformidad con el RGPD, le informamos que los datos personales de los seguidores de <strong>RUBIO PASTISSERS, S.L.<\/strong> en las redes sociales ser\u00e1n incorporados a un fichero titularidad de <strong>RUBIO PASTISSERS, S.L.<\/strong> con la finalidad de mantenerlos informados a trav\u00e9s de las redes sociales sobre sus productos y servicios.<\/p>\n<p>La petici\u00f3n de conectar implica necesariamente el consentimiento para los tratamientos se\u00f1alados.<\/p>\n<p>La publicaci\u00f3n de comentarios y contenidos en las redes sociales se convertir\u00e1n en informaci\u00f3n p\u00fablica, por lo que los usuarios deber\u00e1n de tener especial cuidado cuando se decidan a compartir su informaci\u00f3n personal. <strong>RUBIO PASTISSERS, S.L.<\/strong> no se responsabiliza de la informaci\u00f3n que los usuarios incorporen a la p\u00e1gina. No obstante, las personas cuyos datos se encuentren publicados o est\u00e9n incluidos en comentarios podr\u00e1n solicitar a <strong>RUBIO PASTISSERS, S.L.<\/strong> su cancelaci\u00f3n.<\/p>\n<p>&nbsp;<\/p>\n<p>10) Derechos de acceso, rectificaci\u00f3n, supresi\u00f3n, oposici\u00f3n, limitaci\u00f3n y portabilidad<\/p>\n<p>De conformidad con la LOPDPGDD, el usuario dispone de los siguientes derechos:<\/p>\n<ul>\n<li>Derecho a obtener confirmaci\u00f3n sobre si R<strong>UBIO PASTISSERS, S.L.<\/strong> est\u00e1 tratando datos personales que le conciernen, o no.<\/li>\n<li>Derecho a solicitar el acceso a los datos personales de que disponemos relativos a su persona.<\/li>\n<li>Derecho a solicitar su rectificaci\u00f3n o supresi\u00f3n. Por ejemplo, podr\u00e1 solicitar que su direcci\u00f3n de correo electr\u00f3nico sea rectificada si es err\u00f3nea o solicitar la supresi\u00f3n de los datos de que <strong>RUBIO PASTISSERS, S.L.<\/strong> disponga cuando, entre otros motivos, ya no sean necesarios para las finalidades para las que fueron recogidas. En el momento de la supresi\u00f3n de los datos solamente conservaremos bloqueados aquellos necesarios para el cumplimiento de las obligaciones legales.<\/li>\n<li>Derecho a oponerse al tratamiento.<\/li>\n<li>Derecho a solicitar la limitaci\u00f3n de su tratamiento. Por ejemplo, puede solicitar a <strong>RUBIO PASTISSERS, S.L.<\/strong> que aplique medidas sobre unos datos personales que, entre otros, evite su modificaci\u00f3n o, si corresponde, el borrado o supresi\u00f3n.<\/li>\n<li>Derecho a la portabilidad de los datos en soporte automatizado a otro responsable en los supuestos de tratamiento que permite la LOPDPGDD.<\/li>\n<\/ul>\n<p>&nbsp;<\/p>\n<p>Puede ejercer estos derechos enviando un e-mail a <a href=\"mailto:info@pastisseriamontserratcardona.com\">info@pastisseriamontserratcardona.com<\/a>, indicando como asunto \u201cEjercicio de derechos LOPDPGDD\u201d, con el siguiente contenido:<\/p>\n<ul>\n<li>Nombre, apellidos y\/o nombre de usuario.<\/li>\n<li>DNI\/NIE.<\/li>\n<li>Direcci\u00f3n de correo electr\u00f3nico.<\/li>\n<li>Derecho que se quiere ejercer.<\/li>\n<li>Informaci\u00f3n sobre la que se quiere tener acceso, rectificar, suprimir, limitar el tratamiento o ejercer su derecho de portabilidad.<\/li>\n<\/ul>\n<p>Alternativamente, el ejercicio de estos derechos puede realizarse mediante escrito de caracter\u00edsticas id\u00e9nticas remitido por correo postal al domicilio social de RUBIO PASTISSERS, S.L. (Carrer Cambres 4, baixos, 08261 Cardona, Barcelona).<\/p>\n<p>Asimismo, los interesados podr\u00e1n presentar una reclamaci\u00f3n ante las Autoridades de Control en materia de Protecci\u00f3n de Datos de car\u00e1cter personal competentes, especialmente cuando no hayan obtenido satisfacci\u00f3n en el ejercicio de sus derechos, mediante los siguientes enlaces:<\/p>\n<p><a href=\"https:\/\/sedeagpd.gob.es\/sede-electronica-web\/vistas\/infoSede\/tramitesCiudadano.jsf\">https:\/\/sedeagpd.gob.es\/sede-electronica-web\/vistas\/infoSede\/tramitesCiudadano.jsf<\/a><\/p>\n<p><a href=\"https:\/\/apdcat.gencat.cat\/ca\/seu_electronica\/tramits\/reclamacio\/\">https:\/\/apdcat.gencat.cat\/ca\/seu_electronica\/tramits\/reclamacio\/<\/a><\/p>\n<p>&nbsp;<\/p>\n<p>&nbsp;<\/p>\n<p>&nbsp;<\/p>\n<p>&nbsp;<\/p>\n<p>&nbsp;<\/p>\n","protected":false},"excerpt":{"rendered":"<p>Pol\u00edtica de privacidad &nbsp; RESPONSABLE Identidad y datos de contacto Denominaci\u00f3n social: RUBIO PASTISSERS, S.L. Direcci\u00f3n postal: C\/ Cambres 4, bajos &#8211; 08261 Cardona (Barcelona) Correo electr\u00f3nico: info@pastisseriamontserratcardona.com &nbsp; En cumplimiento de lo dispuesto en el art\u00edculo 11 de la Ley Org\u00e1nica 3\/2018, de 5 de diciembre, de Protecci\u00f3n de Datos Personales y Garant\u00eda de [&hellip;]<\/p>\n","protected":false},"author":2,"featured_media":0,"parent":0,"menu_order":0,"comment_status":"closed","ping_status":"closed","template":"","meta":{"footnotes":""},"class_list":["post-1818","page","type-page","status-publish","hentry"],"yoast_head":"<!-- This site is optimized with the Yoast SEO plugin v27.6 - https:\/\/yoast.com\/product\/yoast-seo-wordpress\/ -->\n<title>Pol\u00edtica de privacidad - Pastisseria Montserrat Cardona<\/title>\n<meta name=\"robots\" content=\"index, follow, max-snippet:-1, max-image-preview:large, max-video-preview:-1\" \/>\n<link rel=\"canonical\" href=\"https:\/\/pastisseriamontserratcardona.com\/es\/politica-de-privacitat\/\" \/>\n<meta property=\"og:locale\" content=\"es_ES\" \/>\n<meta property=\"og:type\" content=\"article\" \/>\n<meta property=\"og:title\" content=\"Pol\u00edtica de privacidad - Pastisseria Montserrat Cardona\" \/>\n<meta property=\"og:description\" content=\"Pol\u00edtica de privacidad &nbsp; RESPONSABLE Identidad y datos de contacto Denominaci\u00f3n social: RUBIO PASTISSERS, S.L. Direcci\u00f3n postal: C\/ Cambres 4, bajos &#8211; 08261 Cardona (Barcelona) Correo electr\u00f3nico: info@pastisseriamontserratcardona.com &nbsp; En cumplimiento de lo dispuesto en el art\u00edculo 11 de la Ley Org\u00e1nica 3\/2018, de 5 de diciembre, de Protecci\u00f3n de Datos Personales y Garant\u00eda de [&hellip;]\" \/>\n<meta property=\"og:url\" content=\"https:\/\/pastisseriamontserratcardona.com\/es\/politica-de-privacitat\/\" \/>\n<meta property=\"og:site_name\" content=\"Pastisseria Montserrat Cardona\" \/>\n<meta property=\"article:modified_time\" content=\"2021-02-11T15:07:58+00:00\" \/>\n<meta name=\"twitter:card\" content=\"summary_large_image\" \/>\n<meta name=\"twitter:label1\" content=\"Tiempo de lectura\" \/>\n\t<meta name=\"twitter:data1\" content=\"10 minutos\" \/>\n<script type=\"application\/ld+json\" class=\"yoast-schema-graph\">{\"@context\":\"https:\\\/\\\/schema.org\",\"@graph\":[{\"@type\":\"WebPage\",\"@id\":\"https:\\\/\\\/pastisseriamontserratcardona.com\\\/es\\\/politica-de-privacitat\\\/\",\"url\":\"https:\\\/\\\/pastisseriamontserratcardona.com\\\/es\\\/politica-de-privacitat\\\/\",\"name\":\"Pol\u00edtica de privacidad - Pastisseria Montserrat Cardona\",\"isPartOf\":{\"@id\":\"https:\\\/\\\/pastisseriamontserratcardona.com\\\/#website\"},\"datePublished\":\"2020-12-10T10:53:46+00:00\",\"dateModified\":\"2021-02-11T15:07:58+00:00\",\"breadcrumb\":{\"@id\":\"https:\\\/\\\/pastisseriamontserratcardona.com\\\/es\\\/politica-de-privacitat\\\/#breadcrumb\"},\"inLanguage\":\"es\",\"potentialAction\":[{\"@type\":\"ReadAction\",\"target\":[\"https:\\\/\\\/pastisseriamontserratcardona.com\\\/es\\\/politica-de-privacitat\\\/\"]}]},{\"@type\":\"BreadcrumbList\",\"@id\":\"https:\\\/\\\/pastisseriamontserratcardona.com\\\/es\\\/politica-de-privacitat\\\/#breadcrumb\",\"itemListElement\":[{\"@type\":\"ListItem\",\"position\":1,\"name\":\"Inici\",\"item\":\"https:\\\/\\\/pastisseriamontserratcardona.com\\\/es\\\/\"},{\"@type\":\"ListItem\",\"position\":2,\"name\":\"Pol\u00edtica de privacidad\"}]},{\"@type\":\"WebSite\",\"@id\":\"https:\\\/\\\/pastisseriamontserratcardona.com\\\/#website\",\"url\":\"https:\\\/\\\/pastisseriamontserratcardona.com\\\/\",\"name\":\"Pastisseria Montserrat Cardona\",\"description\":\"Just another WordPress site\",\"potentialAction\":[{\"@type\":\"SearchAction\",\"target\":{\"@type\":\"EntryPoint\",\"urlTemplate\":\"https:\\\/\\\/pastisseriamontserratcardona.com\\\/?s={search_term_string}\"},\"query-input\":{\"@type\":\"PropertyValueSpecification\",\"valueRequired\":true,\"valueName\":\"search_term_string\"}}],\"inLanguage\":\"es\"}]}<\/script>\n<!-- \/ Yoast SEO plugin. -->","yoast_head_json":{"title":"Pol\u00edtica de privacidad - Pastisseria Montserrat Cardona","robots":{"index":"index","follow":"follow","max-snippet":"max-snippet:-1","max-image-preview":"max-image-preview:large","max-video-preview":"max-video-preview:-1"},"canonical":"https:\/\/pastisseriamontserratcardona.com\/es\/politica-de-privacitat\/","og_locale":"es_ES","og_type":"article","og_title":"Pol\u00edtica de privacidad - Pastisseria Montserrat Cardona","og_description":"Pol\u00edtica de privacidad &nbsp; RESPONSABLE Identidad y datos de contacto Denominaci\u00f3n social: RUBIO PASTISSERS, S.L. Direcci\u00f3n postal: C\/ Cambres 4, bajos &#8211; 08261 Cardona (Barcelona) Correo electr\u00f3nico: info@pastisseriamontserratcardona.com &nbsp; En cumplimiento de lo dispuesto en el art\u00edculo 11 de la Ley Org\u00e1nica 3\/2018, de 5 de diciembre, de Protecci\u00f3n de Datos Personales y Garant\u00eda de [&hellip;]","og_url":"https:\/\/pastisseriamontserratcardona.com\/es\/politica-de-privacitat\/","og_site_name":"Pastisseria Montserrat Cardona","article_modified_time":"2021-02-11T15:07:58+00:00","twitter_card":"summary_large_image","twitter_misc":{"Tiempo de lectura":"10 minutos"},"schema":{"@context":"https:\/\/schema.org","@graph":[{"@type":"WebPage","@id":"https:\/\/pastisseriamontserratcardona.com\/es\/politica-de-privacitat\/","url":"https:\/\/pastisseriamontserratcardona.com\/es\/politica-de-privacitat\/","name":"Pol\u00edtica de privacidad - Pastisseria Montserrat Cardona","isPartOf":{"@id":"https:\/\/pastisseriamontserratcardona.com\/#website"},"datePublished":"2020-12-10T10:53:46+00:00","dateModified":"2021-02-11T15:07:58+00:00","breadcrumb":{"@id":"https:\/\/pastisseriamontserratcardona.com\/es\/politica-de-privacitat\/#breadcrumb"},"inLanguage":"es","potentialAction":[{"@type":"ReadAction","target":["https:\/\/pastisseriamontserratcardona.com\/es\/politica-de-privacitat\/"]}]},{"@type":"BreadcrumbList","@id":"https:\/\/pastisseriamontserratcardona.com\/es\/politica-de-privacitat\/#breadcrumb","itemListElement":[{"@type":"ListItem","position":1,"name":"Inici","item":"https:\/\/pastisseriamontserratcardona.com\/es\/"},{"@type":"ListItem","position":2,"name":"Pol\u00edtica de privacidad"}]},{"@type":"WebSite","@id":"https:\/\/pastisseriamontserratcardona.com\/#website","url":"https:\/\/pastisseriamontserratcardona.com\/","name":"Pastisseria Montserrat Cardona","description":"Just another WordPress site","potentialAction":[{"@type":"SearchAction","target":{"@type":"EntryPoint","urlTemplate":"https:\/\/pastisseriamontserratcardona.com\/?s={search_term_string}"},"query-input":{"@type":"PropertyValueSpecification","valueRequired":true,"valueName":"search_term_string"}}],"inLanguage":"es"}]}},"_links":{"self":[{"href":"https:\/\/pastisseriamontserratcardona.com\/es\/wp-json\/wp\/v2\/pages\/1818","targetHints":{"allow":["GET"]}}],"collection":[{"href":"https:\/\/pastisseriamontserratcardona.com\/es\/wp-json\/wp\/v2\/pages"}],"about":[{"href":"https:\/\/pastisseriamontserratcardona.com\/es\/wp-json\/wp\/v2\/types\/page"}],"author":[{"embeddable":true,"href":"https:\/\/pastisseriamontserratcardona.com\/es\/wp-json\/wp\/v2\/users\/2"}],"replies":[{"embeddable":true,"href":"https:\/\/pastisseriamontserratcardona.com\/es\/wp-json\/wp\/v2\/comments?post=1818"}],"version-history":[{"count":0,"href":"https:\/\/pastisseriamontserratcardona.com\/es\/wp-json\/wp\/v2\/pages\/1818\/revisions"}],"wp:attachment":[{"href":"https:\/\/pastisseriamontserratcardona.com\/es\/wp-json\/wp\/v2\/media?parent=1818"}],"curies":[{"name":"wp","href":"https:\/\/api.w.org\/{rel}","templated":true}]}}