{"id":1817,"date":"2020-12-10T11:25:12","date_gmt":"2020-12-10T11:25:12","guid":{"rendered":"https:\/\/pastisseriamontserratcardona.com\/avis-legal\/"},"modified":"2021-02-11T14:54:31","modified_gmt":"2021-02-11T14:54:31","slug":"avis-legal","status":"publish","type":"page","link":"https:\/\/pastisseriamontserratcardona.com\/es\/avis-legal\/","title":{"rendered":"Aviso legal y condiciones de uso"},"content":{"rendered":"<h3 class=\"p1\"><span class=\"s1\"><b>Aviso legal y condiciones de uso<\/b><\/span><\/h3>\n<p>&nbsp;<\/p>\n<p><em><b>1) Identificaci\u00f3n del sitio web<\/b><\/em><\/p>\n<p class=\"p1\">En cumplimiento de lo dispuesto en el art\u00edculo 10 de la Ley 34\/2002, de 11 de julio, de Servicios de la Sociedad de la Informaci\u00f3n y Comercio Electr\u00f3nico (LSSICE), ponemos a su disposici\u00f3n la \u201cinformaci\u00f3n general\u201d, que comprende los datos de identificaci\u00f3n de la entidad titular de este sitio web:<\/p>\n<p>&#8211; Denominaci\u00f3n social: <strong>Rubio Pastissers, S.L.<\/strong><\/p>\n<p>&#8211; Nombre comercial: Pastisseria Montserrat.<\/p>\n<p><span class=\"s1\">&#8211; Domicilio de contacto: <\/span>Carrer Cambres 4, baixos \u2013 08261 Cardona (Barcelona).<\/p>\n<p>&#8211; Domicilio social: Carrer Cambres 4, baixos \u2013 08261 Cardona (Barcelona).<\/p>\n<p>&#8211; NIF: B61500724.<\/p>\n<p>&#8211; Tel\u00e8fon: +34 93 869 15 36.<\/p>\n<p>&#8211; Direcci\u00f3n de correo electr\u00f3nico: info@pastisseriamontserratcardona.com.<\/p>\n<p>&#8211; Inscrita en el Registro Mercantil de Barcelona, tomo 30236, folio 0090, hoja 169510.<\/p>\n<p>&nbsp;<\/p>\n<p class=\"p1\"><em><b>2) Atribuci\u00f3n de la condici\u00f3n de usuario del sitio web<\/b><\/em><\/p>\n<p class=\"p1\">La navegaci\u00f3n, acceso y utilizaci\u00f3n de <a href=\"http:\/\/www.pastisseriamontserratcardona.com\/\"><span class=\"s1\">www.pastisseriamontserratcardona.com<\/span><\/a>, sitio web de <strong>RUBIO PASTISSERS, S.L.<\/strong>, confiere la condici\u00f3n de usuario del sitio web e implica la aceptaci\u00f3n plena y sin reservas de todas y cada una de las disposiciones incluidas en este aviso legal, en la versi\u00f3n publicada por<strong> RUBIO PASTISSERS, S.L.<\/strong> en el momento mismo de acceso del usuario al sitio web. En consecuencia, el usuario deber\u00e1 leer atentamente las presentes condiciones en cada ocasi\u00f3n en que se proponga utilizar el sitio web, ya que pueden haber sido objeto de modificaciones.<\/p>\n<p>&nbsp;<\/p>\n<p class=\"p1\"><em><b>3) Objeto<\/b><\/em><\/p>\n<p class=\"p1\">Las presentes condiciones de uso pretenden regular el acceso de los usuarios y la navegaci\u00f3n posterior por el sitio web. Asimismo, estas condiciones regulan la relaci\u00f3n entre los usuarios y <strong>RUBIO PASTISSERS, S.L.<\/strong> cuando los primeros usen el sitio ofrecido por los segundos para cualquier tipo de actividad.<\/p>\n<p>&nbsp;<\/p>\n<p class=\"p1\"><em><b>4) Obligaciones de los usuarios<\/b><\/em><\/p>\n<p class=\"p1\">Acceso y utilizaci\u00f3n del sitio web: la visita y consulta de la informaci\u00f3n del sitio web tiene car\u00e1cter gratuito para todos los usuarios.<\/p>\n<p class=\"p1\">Obligaci\u00f3n de hacer un uso correcto de los contenidos: el usuario se compromete a utilizar los contenidos que se hallan a su disposici\u00f3n en el sitio web, que comprenden &#8211; sin que esta enumeraci\u00f3n tenga car\u00e1cter limitativo &#8211; textos, fotograf\u00edas, gr\u00e1ficos, im\u00e1genes, iconos, tecnolog\u00eda, software, links y otros contenidos audiovisuales y sonoros, as\u00ed como el dise\u00f1o gr\u00e1fico y los c\u00f3digos de fuentes (de ahora en adelante, los \u201ccontenidos\u201d), de conformidad con la ley, el presente aviso legal (condiciones de uso) y otros avisos, reglamentos de uso e instrucciones que se encuentren a su disposici\u00f3n, as\u00ed como la moral y las buenas costumbres generalmente aceptados y el orden p\u00fablico.<\/p>\n<p class=\"p1\">Servicios de contrataci\u00f3n por Internet: ciertos contenidos de este sitio web de <strong>RUBIO PASTISSERS, S.L.<\/strong> contemplan la posibilidad de contrataci\u00f3n por Internet. Su uso requerir\u00e1 de la lectura y aceptaci\u00f3n obligatoria de las condiciones de contrataci\u00f3n establecidas al efecto por <strong>RUBIO PASTISSERS, S.L.<\/strong><\/p>\n<p>&nbsp;<\/p>\n<p class=\"p1\"><em><b>5) Propiedad intelectual<\/b><\/em><\/p>\n<p class=\"p1\"><strong>RUBIO PASTISSERS, S.L.<\/strong> es el titular de los derechos de propiedad intelectual e industrial o ha obtenido las autorizaciones o licencias correspondientes para su explotaci\u00f3n, sobre el nombre de dominio, las marcas o signos distintivos, las combinaciones de colores, la selecci\u00f3n de materiales usados, la informaci\u00f3n y las restantes obras e invenciones relacionadas con el sitio web y la tecnolog\u00eda asociada, as\u00ed como sobre sus contenidos.<\/p>\n<p class=\"p1\">Los contenidos de este sitio web, incluyendo dise\u00f1os, aplicaciones, textos, im\u00e1genes y c\u00f3digo de fuente, est\u00e1n protegidas por derechos de propiedad intelectual e industrial. No podr\u00e1n utilizar, reproducir, copiar o transmitir, de ninguna forma, los contenidos sin autorizaci\u00f3n previa, expl\u00edcita y por escrito de <strong>RUBIO PASTISSERS, S.L.<\/strong><\/p>\n<p class=\"p1\">El usuario deber\u00e1 abstenerse de aportar contenidos que hayan sido obtenidos de forma il\u00edcita o protegidos por derechos de propiedad intelectual (copyright) sin autorizaci\u00f3n expresa de los autores originales o de los propietarios de los derechos citados. En cualquier caso, responder\u00e1 el usuario y jam\u00e1s RUBIO PASTISSERS, S.L. de la posibles reclamaciones econ\u00f3micas o de cualquier otro tipo que puedan dirigirse a <strong>RUBIO PASTISSERS, S.L.<\/strong> por estos hechos en reclamaci\u00f3n de una infracci\u00f3n de los citados derechos de propiedad intelectual.<\/p>\n<p class=\"p1\">En el supuesto que un usuario o un tercero considere que existen hechos o circunstancias que revelen el car\u00e1cter indebido de la utilizaci\u00f3n de cualquier contenido y\/o la realizaci\u00f3n de cualquier actividad en las p\u00e1ginas web incluidas en este sitio web y, en particular, de la violaci\u00f3n de derechos de propiedad intelectual o industrial (patentes, modelos y dibujos industriales, marcas y nombres comerciales, etc.), el incumplimiento de los deberes y las obligaciones previstas en estas condiciones o la vulneraci\u00f3n de otros derechos deber\u00e1 enviar un correo a <a href=\"mailto:info@pastisseriamontserratcardona.com\"><span class=\"s1\">info@pastisseriamontserratcardona.com<\/span><\/a> informando a <strong>RUBIO PASTISSERS, S.L.,<\/strong> con al menos las siguientes consideraciones:<\/p>\n<p>a) Datos personales del reclamante: nombre y apellidos, direcci\u00f3n postal, n\u00famero de tel\u00e9fono de contacto y direcci\u00f3n de correo electr\u00f3nico.<\/p>\n<p>b) Especificaci\u00f3n de la supuesta actividad il\u00edcita llevada a cabo en el sitio web y, en particular, cuando se trate de una supuesta violaci\u00f3n de derechos, indicaci\u00f3n precisa y concreta de los contenidos protegidos, as\u00ed como de su localizaci\u00f3n en la p\u00e1gina web.<\/p>\n<p>c) Hechos o circunstancias que revelen el car\u00e1cter il\u00edcito de esta actividad.<\/p>\n<p>d) En el supuesto de violaci\u00f3n de detechos, con los datos personales del titular de los derechos supuestamente infringidos.<\/p>\n<p>e) Declaraci\u00f3n expresa, clara y bajo responsabilidad del reclamante, de que la informaci\u00f3n proporcionada en la notificaci\u00f3n es exacta y del car\u00e1cter indebido de la utilizaci\u00f3n de los contenidos o de la realizaci\u00f3n de las actividades descritas.<\/p>\n<p class=\"p1\"><strong>RUBIO PASTISSERS, S.L.<\/strong> proceder\u00e1 de inmediato a adoptar las medidas de enmienda o eliminaci\u00f3n, si corresponde, de los datos o contenidos citados.<\/p>\n<p class=\"p1\">Todos los servicios de uso del software est\u00e1n protegidos por leyes de copyright y tratados internacionales de copyright, as\u00ed como otras leyes y tratados de car\u00e1cter intelectual. Todos los derechos de t\u00edtulo y propiedad intelectual a los que se accede a trav\u00e9s del uso del contenido del sitio web son propiedad de <strong>RUBIO PASTISSERS, S.L.<\/strong> o del respectivo propietario o tambi\u00e9n est\u00e1n protegidos por copyright y otras leyes de propiedad intelectual.<\/p>\n<p>&nbsp;<\/p>\n<p class=\"p1\"><em><b>6) Protecci\u00f3n de datos personales y confidencialidad<\/b><\/em><\/p>\n<p class=\"p1\">En cumplimiento de lo dispuesto en la normativa de protecci\u00f3n de datos, <strong>RUBIO PASTISSERS, S.L.<\/strong>, como responsable del tratamiento, le informa que los datos de car\u00e1cter personal que nos proporcione durante su navegaci\u00f3n en el sitio web y\/o mediante el relleno de formularios que se encuentren ubicados solamente se utilizar\u00e1n para gestionar el mantenimiento del sitio web, ofrecerle un servicio o producto \u00f3ptimo y de calidad, mejorar la experiencia del usuario y realizar tareas administrativas relacionadas con los servicios y actividades que ofrecemos mediante este sitio web. Con la cesi\u00f3n de sus datos, usted nos autoriza a tratar sus datos con las finalidades indicadas y\/o la indicada en la cl\u00e1usula de protecci\u00f3n de datos que se encuentren en el formulario que usted acabe de rellenar.<\/p>\n<p class=\"p1\"><strong>RUBIO PASTISSERS, S.L.<\/strong> garantiza la confidencialidad y seguridad de sus datos de car\u00e1cter personal cuando estos son objeto de tratamiento en la medida que implementa las pol\u00edticas de tratamiento y medidas de seguridad referidas en la normativa de seguridad. La pol\u00edtica de tratamiento y medidas implementadas por <strong>RUBIO PASTISSERS, S.L.<\/strong> previenen la alteraci\u00f3n, p\u00e9rdida, tratamiento o uso no autorizado de sus datos de car\u00e1cter personal.<\/p>\n<p class=\"p1\">Toda la informaci\u00f3n que facilita el usuario a trav\u00e9s de los formularios del sitio web deber\u00e1 ser veraz. Usted nos autoriza a que se integre en un fichero del que es responsable RUBIO PASTISSERS, S.L., sociedad mercantil ante la cual podr\u00e1 ejercitar sus derechos, y que sea utilizada para mantener la relaci\u00f3n comercial y recibir informaci\u00f3n y publicidad de nuestra empresa.<\/p>\n<p class=\"p1\">A estos efectos, el usuario garantiza la autenticidad de todos aquellos datos que comunique como consecuencia del relleno de los formularios. Asimismo, ser\u00e1 resp\u00f2nsabilidad del usuario mantener toda la informaci\u00f3n facilitada a<strong> RUBIO PASTISSERS, S.L.<\/strong> permanentemente actualizada de modo que responda, en todo momento, a la situaci\u00f3n real del usuario. El usuario ser\u00e1 el \u00fanico responsable de las manifestaciones falsas o inexactas que realice y de los perjuicios que cause a <strong>RUBIO PASTISSERS, S.L.<\/strong> o a terceros por la informaci\u00f3n que facilite.<\/p>\n<p class=\"p1\">Podr\u00e1 ejercer sus derechos de acceso, rectificaci\u00f3n, supresi\u00f3n, limitaci\u00f3n, portabilidad y oposici\u00f3n dirigi\u00e9ndose a <strong>RUBIO PASTISSERS, S.L.,<\/strong> enviando un e-mail a <a href=\"mailto:info@pastisseriamontserratcardona.com\"><span class=\"s1\">info@pastisseriamontserratcardona.com<\/span><\/a>, indicando como asunto \u201cEjercicio de los derechos LOPDPGDD\u201d y el siguiente contenido:<\/p>\n<p>&#8211; Nombre, apellidos y nombre de usuario.<\/p>\n<p>&#8211; DNI\/NIE.<\/p>\n<p>&#8211; Correo electr\u00f3nico.<\/p>\n<p>&#8211; Derechos que quiere ejercer.<\/p>\n<p>&#8211; Informaci\u00f3n sobre la que quiere tener acceso, rectificar, suprimir, limitar el tratamiento o ejercer su derecho de portabilidad.<\/p>\n<p class=\"p1\">Para mayor informaci\u00f3n sobre los tratamientos de datos que efect\u00faa <strong>RUBIO PASTISSERS, S.L.<\/strong>, puede consultar nuestra POL\u00cdTICA DE PRIVACIDAD y nuestra POL\u00cdTICA DE COOKIES.<\/p>\n<p class=\"p1\">Podr\u00e1 dirigirse a la Autoridad de Control competente para presentar la reclamaci\u00f3n que considere oportuna.<\/p>\n<p>&nbsp;<\/p>\n<p class=\"p1\"><strong><em>7) Limitacions de responsabilitat<\/em><\/strong><\/p>\n<p class=\"p1\"><strong>RUBIO PASTISSERS, S.L.<\/strong> no garantiza la disponibilidad y continuidad del funcionamiento de los servicios web. Cuando sea posible, advertir\u00e1 previamente de las interrupciones de funcionamiento. <strong>RUBIO PASTISSERS, S.L.<\/strong> tampoco garantiza la utilidad de los servicios del sitio web para la realizaci\u00f3n de ninguna actividad en concreto, ni su infalibilidad y, en particular, aunque no de forma exclusiva, no garantiza que los usuarios puedan efectivamente utilizar sus servicios, acceder a las diversas p\u00e1ginas web que forman el sitio web o aquellas desde las cuales se presten los servicios.<\/p>\n<p class=\"p1\">Si se siente perjudicado por la difusi\u00f3n en nuestro sitio web de v\u00eddeos o im\u00e1genes, puede remitirnos un e-mail a <a href=\"mailto:info@pastisseriamontserratcardona.com\"><span class=\"s1\">info@pastisseriamontserratcardona.com<\/span><\/a> y estudiaremos su reclamaci\u00f3n y la posibilidad de retirar el material de nuestro sitio web.<\/p>\n<p class=\"p1\"><strong>RUBIO PASTISSERS, S.L.<\/strong> no garantiza la veracidad, exactitud, exhaustividad y actualidad de los contenidos del sitio web generados por empleados de <strong>RUBIO PASTISSERS, S.L.<\/strong> o por usuarios del sitio web en publicar sus opiniones en este sitio web o en las redes sociales.<\/p>\n<p class=\"p1\">En relaci\u00f3n a los enlaces externos: el sitio web puede contener enlaces a sitios web que no pertenecen, ni son controlados, editados o censurados por <strong>RUBIO PASTISSERS, S.L.<\/strong> Por lo tanto, no asumiremos ninguna responsabilidad por el contenido, pol\u00edticas de privacidad o pr\u00e1cticas de estos sitios web. La existencia de estos enlaces en la web no comporta, por parte de <strong>RUBIO PASTISSERS, S.L.,<\/strong> la aprobaci\u00f3n de los productos, servicios, contenidos, informaci\u00f3n, datos, archivos o cualquier otra clase de material existentes en ellos y no controla ni se responsabiliza de la calidad, licitud, fiabilidad y utilidad de la informaci\u00f3n y\/o contenidos y servicios existentes en los sitios.<\/p>\n<p class=\"p1\"><strong>RUBIO PASTISSERS, S.L.<\/strong> se reserva el derecho a cambiar, modificar o a\u00f1adir cl\u00e1usulas sin notificaci\u00f3n previa, siempre que se haga constar debidamente online en el presente documento.<\/p>\n<p>&nbsp;<\/p>\n<p class=\"p1\"><em><b>8) Legislaci\u00f3n aplicable y jurisdicci\u00f3n competente<\/b><\/em><\/p>\n<p class=\"p1\">Para la resoluci\u00f3n de cualquier disputa o litigio que surja en relaci\u00f3n con la interpretaci\u00f3n o ejecuci\u00f3n de estas condiciones de uso del sitio web, las partes se someten, a su elecci\u00f3n, para la resoluci\u00f3n de los conflictos y con renuncia a cualquier otro fuero, a los juzgados y tribunales del domicilio del usuario. Estas condiciones est\u00e1n sometidas a la legislaci\u00f3n espa\u00f1ola.<\/p>\n<p class=\"p1\">La Comisi\u00f3n Europea facilita una plataforma de resoluci\u00f3n extrajudicial de litigios online que se encuentra disponible en el siguiente enlace: <a href=\"https:\/\/ec.europa.eu\/consumers\/odr\/main\/index.cfm?event=main.home2.show&amp;lng=ES\"><span class=\"s1\">https:\/\/ec.europa.eu\/consumers\/odr\/main\/index.cfm?event=main.home2.show&amp;lng=ES<\/span><\/a>; y a trav\u00e9s de la cual los consumidores podr\u00e1n someter sobre sus reclamaciones. En el supuesto en que la parte compradora tenga su domicilio fuera de territorio espa\u00f1ol, el fuero competente vendr\u00e1 determinado por el Reglamento (UE) n\u00ba 1215\/2012 del Parlamento Europeo y del Consejo, de 12 de diciembre de 2012, relativo a la competencia judicial, el reconocimiento y la ejecuci\u00f3n de resoluciones judiciales en material civil y mercantil (Reglamento Bruselas I bis).<\/p>\n<p class=\"p1\">En el supuesto de que se trate de una compraventa realizada por una empresa que act\u00fae en el marco de la actividad empresarial o comercial, ambas partes podr\u00e1n someter sus conflictos a arbitraje o acudir a la jurisdicci\u00f3n ordinaria cumpliendo sobre jurisdicci\u00f3n y competencia al respecto. RUBIO PASTISSERS, S.L. tiene su domicilio social a CARDONA, Espa\u00f1a.<\/p>\n","protected":false},"excerpt":{"rendered":"<p>Aviso legal y condiciones de uso &nbsp; 1) Identificaci\u00f3n del sitio web En cumplimiento de lo dispuesto en el art\u00edculo 10 de la Ley 34\/2002, de 11 de julio, de Servicios de la Sociedad de la Informaci\u00f3n y Comercio Electr\u00f3nico (LSSICE), ponemos a su disposici\u00f3n la \u201cinformaci\u00f3n general\u201d, que comprende los datos de identificaci\u00f3n de [&hellip;]<\/p>\n","protected":false},"author":2,"featured_media":0,"parent":0,"menu_order":0,"comment_status":"closed","ping_status":"closed","template":"","meta":{"footnotes":""},"class_list":["post-1817","page","type-page","status-publish","hentry"],"yoast_head":"<!-- This site is optimized with the Yoast SEO plugin v27.6 - https:\/\/yoast.com\/product\/yoast-seo-wordpress\/ -->\n<title>Aviso legal y condiciones de uso - Pastisseria Montserrat Cardona<\/title>\n<meta name=\"robots\" content=\"index, follow, max-snippet:-1, max-image-preview:large, max-video-preview:-1\" \/>\n<link rel=\"canonical\" href=\"https:\/\/pastisseriamontserratcardona.com\/es\/avis-legal\/\" \/>\n<meta property=\"og:locale\" content=\"es_ES\" \/>\n<meta property=\"og:type\" content=\"article\" \/>\n<meta property=\"og:title\" content=\"Aviso legal y condiciones de uso - Pastisseria Montserrat Cardona\" \/>\n<meta property=\"og:description\" content=\"Aviso legal y condiciones de uso &nbsp; 1) Identificaci\u00f3n del sitio web En cumplimiento de lo dispuesto en el art\u00edculo 10 de la Ley 34\/2002, de 11 de julio, de Servicios de la Sociedad de la Informaci\u00f3n y Comercio Electr\u00f3nico (LSSICE), ponemos a su disposici\u00f3n la \u201cinformaci\u00f3n general\u201d, que comprende los datos de identificaci\u00f3n de [&hellip;]\" \/>\n<meta property=\"og:url\" content=\"https:\/\/pastisseriamontserratcardona.com\/es\/avis-legal\/\" \/>\n<meta property=\"og:site_name\" content=\"Pastisseria Montserrat Cardona\" \/>\n<meta property=\"article:modified_time\" content=\"2021-02-11T14:54:31+00:00\" \/>\n<meta name=\"twitter:card\" content=\"summary_large_image\" \/>\n<meta name=\"twitter:label1\" content=\"Tiempo de lectura\" \/>\n\t<meta name=\"twitter:data1\" content=\"9 minutos\" \/>\n<script type=\"application\/ld+json\" class=\"yoast-schema-graph\">{\"@context\":\"https:\\\/\\\/schema.org\",\"@graph\":[{\"@type\":\"WebPage\",\"@id\":\"https:\\\/\\\/pastisseriamontserratcardona.com\\\/es\\\/avis-legal\\\/\",\"url\":\"https:\\\/\\\/pastisseriamontserratcardona.com\\\/es\\\/avis-legal\\\/\",\"name\":\"Aviso legal y condiciones de uso - Pastisseria Montserrat Cardona\",\"isPartOf\":{\"@id\":\"https:\\\/\\\/pastisseriamontserratcardona.com\\\/#website\"},\"datePublished\":\"2020-12-10T11:25:12+00:00\",\"dateModified\":\"2021-02-11T14:54:31+00:00\",\"breadcrumb\":{\"@id\":\"https:\\\/\\\/pastisseriamontserratcardona.com\\\/es\\\/avis-legal\\\/#breadcrumb\"},\"inLanguage\":\"es\",\"potentialAction\":[{\"@type\":\"ReadAction\",\"target\":[\"https:\\\/\\\/pastisseriamontserratcardona.com\\\/es\\\/avis-legal\\\/\"]}]},{\"@type\":\"BreadcrumbList\",\"@id\":\"https:\\\/\\\/pastisseriamontserratcardona.com\\\/es\\\/avis-legal\\\/#breadcrumb\",\"itemListElement\":[{\"@type\":\"ListItem\",\"position\":1,\"name\":\"Inici\",\"item\":\"https:\\\/\\\/pastisseriamontserratcardona.com\\\/es\\\/\"},{\"@type\":\"ListItem\",\"position\":2,\"name\":\"Aviso legal y condiciones de uso\"}]},{\"@type\":\"WebSite\",\"@id\":\"https:\\\/\\\/pastisseriamontserratcardona.com\\\/#website\",\"url\":\"https:\\\/\\\/pastisseriamontserratcardona.com\\\/\",\"name\":\"Pastisseria Montserrat Cardona\",\"description\":\"Just another WordPress site\",\"potentialAction\":[{\"@type\":\"SearchAction\",\"target\":{\"@type\":\"EntryPoint\",\"urlTemplate\":\"https:\\\/\\\/pastisseriamontserratcardona.com\\\/?s={search_term_string}\"},\"query-input\":{\"@type\":\"PropertyValueSpecification\",\"valueRequired\":true,\"valueName\":\"search_term_string\"}}],\"inLanguage\":\"es\"}]}<\/script>\n<!-- \/ Yoast SEO plugin. -->","yoast_head_json":{"title":"Aviso legal y condiciones de uso - Pastisseria Montserrat Cardona","robots":{"index":"index","follow":"follow","max-snippet":"max-snippet:-1","max-image-preview":"max-image-preview:large","max-video-preview":"max-video-preview:-1"},"canonical":"https:\/\/pastisseriamontserratcardona.com\/es\/avis-legal\/","og_locale":"es_ES","og_type":"article","og_title":"Aviso legal y condiciones de uso - Pastisseria Montserrat Cardona","og_description":"Aviso legal y condiciones de uso &nbsp; 1) Identificaci\u00f3n del sitio web En cumplimiento de lo dispuesto en el art\u00edculo 10 de la Ley 34\/2002, de 11 de julio, de Servicios de la Sociedad de la Informaci\u00f3n y Comercio Electr\u00f3nico (LSSICE), ponemos a su disposici\u00f3n la \u201cinformaci\u00f3n general\u201d, que comprende los datos de identificaci\u00f3n de [&hellip;]","og_url":"https:\/\/pastisseriamontserratcardona.com\/es\/avis-legal\/","og_site_name":"Pastisseria Montserrat Cardona","article_modified_time":"2021-02-11T14:54:31+00:00","twitter_card":"summary_large_image","twitter_misc":{"Tiempo de lectura":"9 minutos"},"schema":{"@context":"https:\/\/schema.org","@graph":[{"@type":"WebPage","@id":"https:\/\/pastisseriamontserratcardona.com\/es\/avis-legal\/","url":"https:\/\/pastisseriamontserratcardona.com\/es\/avis-legal\/","name":"Aviso legal y condiciones de uso - Pastisseria Montserrat Cardona","isPartOf":{"@id":"https:\/\/pastisseriamontserratcardona.com\/#website"},"datePublished":"2020-12-10T11:25:12+00:00","dateModified":"2021-02-11T14:54:31+00:00","breadcrumb":{"@id":"https:\/\/pastisseriamontserratcardona.com\/es\/avis-legal\/#breadcrumb"},"inLanguage":"es","potentialAction":[{"@type":"ReadAction","target":["https:\/\/pastisseriamontserratcardona.com\/es\/avis-legal\/"]}]},{"@type":"BreadcrumbList","@id":"https:\/\/pastisseriamontserratcardona.com\/es\/avis-legal\/#breadcrumb","itemListElement":[{"@type":"ListItem","position":1,"name":"Inici","item":"https:\/\/pastisseriamontserratcardona.com\/es\/"},{"@type":"ListItem","position":2,"name":"Aviso legal y condiciones de uso"}]},{"@type":"WebSite","@id":"https:\/\/pastisseriamontserratcardona.com\/#website","url":"https:\/\/pastisseriamontserratcardona.com\/","name":"Pastisseria Montserrat Cardona","description":"Just another WordPress site","potentialAction":[{"@type":"SearchAction","target":{"@type":"EntryPoint","urlTemplate":"https:\/\/pastisseriamontserratcardona.com\/?s={search_term_string}"},"query-input":{"@type":"PropertyValueSpecification","valueRequired":true,"valueName":"search_term_string"}}],"inLanguage":"es"}]}},"_links":{"self":[{"href":"https:\/\/pastisseriamontserratcardona.com\/es\/wp-json\/wp\/v2\/pages\/1817","targetHints":{"allow":["GET"]}}],"collection":[{"href":"https:\/\/pastisseriamontserratcardona.com\/es\/wp-json\/wp\/v2\/pages"}],"about":[{"href":"https:\/\/pastisseriamontserratcardona.com\/es\/wp-json\/wp\/v2\/types\/page"}],"author":[{"embeddable":true,"href":"https:\/\/pastisseriamontserratcardona.com\/es\/wp-json\/wp\/v2\/users\/2"}],"replies":[{"embeddable":true,"href":"https:\/\/pastisseriamontserratcardona.com\/es\/wp-json\/wp\/v2\/comments?post=1817"}],"version-history":[{"count":0,"href":"https:\/\/pastisseriamontserratcardona.com\/es\/wp-json\/wp\/v2\/pages\/1817\/revisions"}],"wp:attachment":[{"href":"https:\/\/pastisseriamontserratcardona.com\/es\/wp-json\/wp\/v2\/media?parent=1817"}],"curies":[{"name":"wp","href":"https:\/\/api.w.org\/{rel}","templated":true}]}}