{"id":1810,"date":"2020-12-21T15:03:20","date_gmt":"2020-12-21T15:03:20","guid":{"rendered":"https:\/\/pastisseriamontserratcardona.com\/sense-gluten\/"},"modified":"2021-02-11T15:32:12","modified_gmt":"2021-02-11T15:32:12","slug":"sense-gluten","status":"publish","type":"page","link":"https:\/\/pastisseriamontserratcardona.com\/es\/sense-gluten\/","title":{"rendered":"Sin gluten"},"content":{"rendered":"\n<style type=\"text\/css\" data-created_by=\"avia_inline_auto\" id=\"style-css-av-bp45c-504c0441e793f19c434ecfa1f477a2a7\">\n.flex_column.av-bp45c-504c0441e793f19c434ecfa1f477a2a7{\nborder-radius:0px 0px 0px 0px;\npadding:0px 0px 0px 0px;\n}\n<\/style>\n<div  class='flex_column av-bp45c-504c0441e793f19c434ecfa1f477a2a7 av_one_full  avia-builder-el-0  el_before_av_one_third  avia-builder-el-first  first flex_column_div av-zero-column-padding  '     ><p>\n<style type=\"text\/css\" data-created_by=\"avia_inline_auto\" id=\"style-css-av-kiypcm7j-357e5067823f314ef65f55cfc0e66b64\">\n#top .hr.hr-invisible.av-kiypcm7j-357e5067823f314ef65f55cfc0e66b64{\nheight:50px;\n}\n<\/style>\n<div  class='hr av-kiypcm7j-357e5067823f314ef65f55cfc0e66b64 hr-invisible  avia-builder-el-1  el_before_av_textblock  avia-builder-el-first '><span class='hr-inner '><span class=\"hr-inner-style\"><\/span><\/span><\/div><br \/>\n<section  class='av_textblock_section av-khp2oeuh-79d0d9d3fe809d449d63a6ca82141760 '   itemscope=\"itemscope\" itemtype=\"https:\/\/schema.org\/CreativeWork\" ><div class='avia_textblock'  itemprop=\"text\" ><h2 style=\"text-align: center;\">SIN GLUTEN<\/h2>\n<\/div><\/section><br \/>\n\n<style type=\"text\/css\" data-created_by=\"avia_inline_auto\" id=\"style-css-av-kiypeek7-e85c84e9c0b19401f68eb4f5a6f92f21\">\n#top .hr.av-kiypeek7-e85c84e9c0b19401f68eb4f5a6f92f21{\nmargin-top:30px;\nmargin-bottom:30px;\n}\n.hr.av-kiypeek7-e85c84e9c0b19401f68eb4f5a6f92f21 .hr-inner{\nwidth:50px;\nborder-color:#3f1200;\nmax-width:45%;\n}\n<\/style>\n<div  class='hr av-kiypeek7-e85c84e9c0b19401f68eb4f5a6f92f21 hr-custom  avia-builder-el-3  el_after_av_textblock  avia-builder-el-last  hr-center hr-icon-yes'><span class='hr-inner inner-border-av-border-thin'><span class=\"hr-inner-style\"><\/span><\/span><span class='av-seperator-icon avia-iconfont avia-font-entypo-fontello' data-av_icon='\ue808' data-av_iconfont='entypo-fontello' ><\/span><span class='hr-inner inner-border-av-border-thin'><span class=\"hr-inner-style\"><\/span><\/span><\/div><\/p><\/div>\n<style type=\"text\/css\" data-created_by=\"avia_inline_auto\" id=\"style-css-av-gxzj4-ab702b72337d4527ea29fe7e479004f6\">\n.flex_column.av-gxzj4-ab702b72337d4527ea29fe7e479004f6{\nborder-radius:0px 0px 0px 0px;\npadding:0px 0px 0px 0px;\n}\n<\/style>\n<div  class='flex_column av-gxzj4-ab702b72337d4527ea29fe7e479004f6 av_one_third  avia-builder-el-4  el_after_av_one_full  el_before_av_two_third  first flex_column_div av-zero-column-padding  column-top-margin'     ><div  class='avia-slideshow av-kiyovcs3-e0ea243d90e0103da137b4c46f40733c avia-slideshow-no scaling av_slideshow avia-slide-slider  avia-builder-el-5  avia-builder-el-no-sibling  av-slideshow-ui av-control-default av-slideshow-autoplay av-loop-endless av-loop-manual-endless av-default-height-applied avia-slideshow-1' data-slideshow-options=\"{&quot;animation&quot;:&quot;slide&quot;,&quot;autoplay&quot;:true,&quot;loop_autoplay&quot;:&quot;endless&quot;,&quot;interval&quot;:4,&quot;loop_manual&quot;:&quot;manual-endless&quot;,&quot;autoplay_stopper&quot;:false,&quot;noNavigation&quot;:false,&quot;bg_slider&quot;:false,&quot;keep_padding&quot;:false,&quot;hoverpause&quot;:false,&quot;show_slide_delay&quot;:0}\"  itemprop=\"image\" itemscope=\"itemscope\" itemtype=\"https:\/\/schema.org\/ImageObject\" ><ul class='avia-slideshow-inner ' style='padding-bottom: 100%;'><li  class='avia-slideshow-slide av-kiyovcs3-e0ea243d90e0103da137b4c46f40733c__0  slide-1 slide-odd'><div data-rel='slideshow-1' class='avia-slide-wrap '   ><img decoding=\"async\" fetchpriority=\"high\" class=\"wp-image-1447 avia-img-lazy-loading-not-1447\"  src=\"https:\/\/pastisseriamontserratcardona.com\/wp-content\/uploads\/2020\/12\/GALERIA_Red-Velvet-1.jpg\" width=\"1000\" height=\"1000\" title='GALERIA_Red-Velvet' alt=''  itemprop=\"thumbnailUrl\" srcset=\"https:\/\/pastisseriamontserratcardona.com\/wp-content\/uploads\/2020\/12\/GALERIA_Red-Velvet-1.jpg 1000w, https:\/\/pastisseriamontserratcardona.com\/wp-content\/uploads\/2020\/12\/GALERIA_Red-Velvet-1-300x300.jpg 300w, https:\/\/pastisseriamontserratcardona.com\/wp-content\/uploads\/2020\/12\/GALERIA_Red-Velvet-1-80x80.jpg 80w, https:\/\/pastisseriamontserratcardona.com\/wp-content\/uploads\/2020\/12\/GALERIA_Red-Velvet-1-768x768.jpg 768w, https:\/\/pastisseriamontserratcardona.com\/wp-content\/uploads\/2020\/12\/GALERIA_Red-Velvet-1-36x36.jpg 36w, https:\/\/pastisseriamontserratcardona.com\/wp-content\/uploads\/2020\/12\/GALERIA_Red-Velvet-1-180x180.jpg 180w, https:\/\/pastisseriamontserratcardona.com\/wp-content\/uploads\/2020\/12\/GALERIA_Red-Velvet-1-705x705.jpg 705w, https:\/\/pastisseriamontserratcardona.com\/wp-content\/uploads\/2020\/12\/GALERIA_Red-Velvet-1-100x100.jpg 100w, https:\/\/pastisseriamontserratcardona.com\/wp-content\/uploads\/2020\/12\/GALERIA_Red-Velvet-1-600x600.jpg 600w\" sizes=\"(max-width: 1000px) 100vw, 1000px\" \/><\/div><\/li><li  class='avia-slideshow-slide av-kiyovcs3-e0ea243d90e0103da137b4c46f40733c__1  slide-2 slide-even'><div data-rel='slideshow-1' class='avia-slide-wrap '   ><img decoding=\"async\" fetchpriority=\"high\" class=\"wp-image-1461 avia-img-lazy-loading-not-1461\"  src=\"https:\/\/pastisseriamontserratcardona.com\/wp-content\/uploads\/2020\/12\/GALERIA_bracets.jpg\" width=\"1000\" height=\"1000\" title='GALERIA_bracets' alt=''  itemprop=\"thumbnailUrl\" srcset=\"https:\/\/pastisseriamontserratcardona.com\/wp-content\/uploads\/2020\/12\/GALERIA_bracets.jpg 1000w, https:\/\/pastisseriamontserratcardona.com\/wp-content\/uploads\/2020\/12\/GALERIA_bracets-300x300.jpg 300w, https:\/\/pastisseriamontserratcardona.com\/wp-content\/uploads\/2020\/12\/GALERIA_bracets-80x80.jpg 80w, https:\/\/pastisseriamontserratcardona.com\/wp-content\/uploads\/2020\/12\/GALERIA_bracets-768x768.jpg 768w, https:\/\/pastisseriamontserratcardona.com\/wp-content\/uploads\/2020\/12\/GALERIA_bracets-36x36.jpg 36w, https:\/\/pastisseriamontserratcardona.com\/wp-content\/uploads\/2020\/12\/GALERIA_bracets-180x180.jpg 180w, https:\/\/pastisseriamontserratcardona.com\/wp-content\/uploads\/2020\/12\/GALERIA_bracets-705x705.jpg 705w, https:\/\/pastisseriamontserratcardona.com\/wp-content\/uploads\/2020\/12\/GALERIA_bracets-100x100.jpg 100w, https:\/\/pastisseriamontserratcardona.com\/wp-content\/uploads\/2020\/12\/GALERIA_bracets-600x600.jpg 600w\" sizes=\"(max-width: 1000px) 100vw, 1000px\" \/><\/div><\/li><li  class='avia-slideshow-slide av-kiyovcs3-e0ea243d90e0103da137b4c46f40733c__2  slide-3 slide-odd'><div data-rel='slideshow-1' class='avia-slide-wrap '   ><img decoding=\"async\" fetchpriority=\"high\" class=\"wp-image-1459 avia-img-lazy-loading-not-1459\"  src=\"https:\/\/pastisseriamontserratcardona.com\/wp-content\/uploads\/2020\/12\/GALERIA_TOCINETS-2.jpg\" width=\"1000\" height=\"1000\" title='GALERIA_TOCINETS' alt=''  itemprop=\"thumbnailUrl\" srcset=\"https:\/\/pastisseriamontserratcardona.com\/wp-content\/uploads\/2020\/12\/GALERIA_TOCINETS-2.jpg 1000w, https:\/\/pastisseriamontserratcardona.com\/wp-content\/uploads\/2020\/12\/GALERIA_TOCINETS-2-300x300.jpg 300w, https:\/\/pastisseriamontserratcardona.com\/wp-content\/uploads\/2020\/12\/GALERIA_TOCINETS-2-80x80.jpg 80w, https:\/\/pastisseriamontserratcardona.com\/wp-content\/uploads\/2020\/12\/GALERIA_TOCINETS-2-768x768.jpg 768w, https:\/\/pastisseriamontserratcardona.com\/wp-content\/uploads\/2020\/12\/GALERIA_TOCINETS-2-36x36.jpg 36w, https:\/\/pastisseriamontserratcardona.com\/wp-content\/uploads\/2020\/12\/GALERIA_TOCINETS-2-180x180.jpg 180w, https:\/\/pastisseriamontserratcardona.com\/wp-content\/uploads\/2020\/12\/GALERIA_TOCINETS-2-705x705.jpg 705w, https:\/\/pastisseriamontserratcardona.com\/wp-content\/uploads\/2020\/12\/GALERIA_TOCINETS-2-100x100.jpg 100w, https:\/\/pastisseriamontserratcardona.com\/wp-content\/uploads\/2020\/12\/GALERIA_TOCINETS-2-600x600.jpg 600w\" sizes=\"(max-width: 1000px) 100vw, 1000px\" \/><\/div><\/li><li  class='avia-slideshow-slide av-kiyovcs3-e0ea243d90e0103da137b4c46f40733c__3  slide-4 slide-even'><div data-rel='slideshow-1' class='avia-slide-wrap '   ><img decoding=\"async\" fetchpriority=\"high\" class=\"wp-image-1463 avia-img-lazy-loading-not-1463\"  src=\"https:\/\/pastisseriamontserratcardona.com\/wp-content\/uploads\/2020\/12\/GALERIA_trufes.jpg\" width=\"1000\" height=\"1000\" title='GALERIA_trufes' alt=''  itemprop=\"thumbnailUrl\" srcset=\"https:\/\/pastisseriamontserratcardona.com\/wp-content\/uploads\/2020\/12\/GALERIA_trufes.jpg 1000w, https:\/\/pastisseriamontserratcardona.com\/wp-content\/uploads\/2020\/12\/GALERIA_trufes-300x300.jpg 300w, https:\/\/pastisseriamontserratcardona.com\/wp-content\/uploads\/2020\/12\/GALERIA_trufes-80x80.jpg 80w, https:\/\/pastisseriamontserratcardona.com\/wp-content\/uploads\/2020\/12\/GALERIA_trufes-768x768.jpg 768w, https:\/\/pastisseriamontserratcardona.com\/wp-content\/uploads\/2020\/12\/GALERIA_trufes-36x36.jpg 36w, https:\/\/pastisseriamontserratcardona.com\/wp-content\/uploads\/2020\/12\/GALERIA_trufes-180x180.jpg 180w, https:\/\/pastisseriamontserratcardona.com\/wp-content\/uploads\/2020\/12\/GALERIA_trufes-705x705.jpg 705w, https:\/\/pastisseriamontserratcardona.com\/wp-content\/uploads\/2020\/12\/GALERIA_trufes-100x100.jpg 100w, https:\/\/pastisseriamontserratcardona.com\/wp-content\/uploads\/2020\/12\/GALERIA_trufes-600x600.jpg 600w\" sizes=\"(max-width: 1000px) 100vw, 1000px\" \/><\/div><\/li><\/ul><div class='avia-slideshow-arrows avia-slideshow-controls' ><a href='#prev' class='prev-slide  avia-svg-icon avia-font-svg_entypo-fontello' data-av_svg_icon='left-open-big' data-av_iconset='svg_entypo-fontello' tabindex='-1' title=\"Anterior\"><svg version=\"1.1\" xmlns=\"http:\/\/www.w3.org\/2000\/svg\" width=\"15\" height=\"32\" viewBox=\"0 0 15 32\" preserveAspectRatio=\"xMidYMid meet\" aria-labelledby='av-svg-title-1' aria-describedby='av-svg-desc-1' role=\"graphics-symbol\" aria-hidden=\"true\">\n<title id='av-svg-title-1'>Anterior<\/title>\n<desc id='av-svg-desc-1'>Anterior<\/desc>\n<path d=\"M14.464 27.84q0.832 0.832 0 1.536-0.832 0.832-1.536 0l-12.544-12.608q-0.768-0.768 0-1.6l12.544-12.608q0.704-0.832 1.536 0 0.832 0.704 0 1.536l-11.456 11.904z\"><\/path>\n<\/svg><span class='avia_hidden_link_text'>Anterior<\/span><\/a><a href='#next' class='next-slide  avia-svg-icon avia-font-svg_entypo-fontello' data-av_svg_icon='right-open-big' data-av_iconset='svg_entypo-fontello' tabindex='-1' title=\"Posterior\"><svg version=\"1.1\" xmlns=\"http:\/\/www.w3.org\/2000\/svg\" width=\"15\" height=\"32\" viewBox=\"0 0 15 32\" preserveAspectRatio=\"xMidYMid meet\" aria-labelledby='av-svg-title-2' aria-describedby='av-svg-desc-2' role=\"graphics-symbol\" aria-hidden=\"true\">\n<title id='av-svg-title-2'>Posterior<\/title>\n<desc id='av-svg-desc-2'>Posterior<\/desc>\n<path d=\"M0.416 27.84l11.456-11.84-11.456-11.904q-0.832-0.832 0-1.536 0.832-0.832 1.536 0l12.544 12.608q0.768 0.832 0 1.6l-12.544 12.608q-0.704 0.832-1.536 0-0.832-0.704 0-1.536z\"><\/path>\n<\/svg><span class='avia_hidden_link_text'>Posterior<\/span><\/a><\/div><div class='avia-slideshow-dots avia-slideshow-controls'><a href='#1' class='goto-slide active' >1<\/a><a href='#2' class='goto-slide ' >2<\/a><a href='#3' class='goto-slide ' >3<\/a><a href='#4' class='goto-slide ' >4<\/a><\/div><\/div><\/div><\/p>\n\n<style type=\"text\/css\" data-created_by=\"avia_inline_auto\" id=\"style-css-av-7gmy8-5c500c95d89339c1b4940d2d299817eb\">\n.flex_column.av-7gmy8-5c500c95d89339c1b4940d2d299817eb{\nborder-radius:0px 0px 0px 0px;\npadding:0px 0px 0px 0px;\n}\n<\/style>\n<div  class='flex_column av-7gmy8-5c500c95d89339c1b4940d2d299817eb av_two_third  avia-builder-el-6  el_after_av_one_third  el_before_av_section  avia-builder-el-last  flex_column_div av-zero-column-padding  column-top-margin'     ><p><section  class='av_textblock_section av-khp1pvrv-e8ae0338f48be82ce214a250dcd5c2ad '   itemscope=\"itemscope\" itemtype=\"https:\/\/schema.org\/CreativeWork\" ><div class='avia_textblock'  itemprop=\"text\" ><p>Disponemos de una peque\u00f1a selecci\u00f3n de productos elaborados con harinas y materias primas sin gluten, para que cualquiera pueda degustar la pasteler\u00eda tradicional que ofrecemos en nuestra casa. Son productos aptos para el consumo de cel\u00edacos los tocinillos de cielo, las trufas, las rocas suizas y los bombones de m\u00fasico.<\/p>\n<p>Tambi\u00e9n elaboramos por encargo brazos de gitano, tartas y monas de Pascua. En estas ocasiones, sustituimos la harina de trigo de las planchas y los bizcochos por harina de ma\u00edz.<\/p>\n<p>Nota: t\u00e9ngase en cuenta la existencia de contaminaci\u00f3n cruzada. Para mayor detalle, no dude en contactarnos.<\/p>\n<\/div><\/section><br \/>\n\n<style type=\"text\/css\" data-created_by=\"avia_inline_auto\" id=\"style-css-av-kiypcm7j-40e2a178f76095a47b70fe675b81b3a5\">\n#top .hr.hr-invisible.av-kiypcm7j-40e2a178f76095a47b70fe675b81b3a5{\nheight:30px;\n}\n<\/style>\n<div  class='hr av-kiypcm7j-40e2a178f76095a47b70fe675b81b3a5 hr-invisible  avia-builder-el-8  el_after_av_textblock  el_before_av_textblock '><span class='hr-inner '><span class=\"hr-inner-style\"><\/span><\/span><\/div><br \/>\n\n<style type=\"text\/css\" data-created_by=\"avia_inline_auto\" id=\"style-css-av-khluan05-1cb9e34a59b03340e30f9296ecee5a94\">\n#top .av_textblock_section.av-khluan05-1cb9e34a59b03340e30f9296ecee5a94 .avia_textblock{\ncolor:#3f1200;\n}\n<\/style>\n<section  class='av_textblock_section av-khluan05-1cb9e34a59b03340e30f9296ecee5a94 '   itemscope=\"itemscope\" itemtype=\"https:\/\/schema.org\/CreativeWork\" ><div class='avia_textblock av_inherit_color'  itemprop=\"text\" ><h3 style=\"text-align: center;\">\u00a1Contacte con nosotros y pida su tarta a medida, seg\u00fan sus necesidades!<\/h3>\n<\/div><\/section><br \/>\n\n<style type=\"text\/css\" data-created_by=\"avia_inline_auto\" id=\"style-css-av-kiypcm7j-40e2a178f76095a47b70fe675b81b3a5\">\n#top .hr.hr-invisible.av-kiypcm7j-40e2a178f76095a47b70fe675b81b3a5{\nheight:30px;\n}\n<\/style>\n<div  class='hr av-kiypcm7j-40e2a178f76095a47b70fe675b81b3a5 hr-invisible  avia-builder-el-10  el_after_av_textblock  el_before_av_button '><span class='hr-inner '><span class=\"hr-inner-style\"><\/span><\/span><\/div><br \/>\n<div  class='avia-button-wrap av-khlub9ir-8692be98da95ffe6b7dc1d2a3bea48f3-wrap avia-button-center  avia-builder-el-11  el_after_av_hr  avia-builder-el-last '>\n<style type=\"text\/css\" data-created_by=\"avia_inline_auto\" id=\"style-css-av-khlub9ir-8692be98da95ffe6b7dc1d2a3bea48f3\">\n#top #wrap_all .avia-button.av-khlub9ir-8692be98da95ffe6b7dc1d2a3bea48f3{\nbackground-color:#3f1200;\nborder-color:#3f1200;\ntransition:all 0.4s ease-in-out;\n}\n#top #wrap_all .avia-button.av-khlub9ir-8692be98da95ffe6b7dc1d2a3bea48f3:hover{\ncolor:#ffffff;\ntransition:all 0.4s ease-in-out;\n}\n#top #wrap_all .avia-button.av-khlub9ir-8692be98da95ffe6b7dc1d2a3bea48f3:hover .avia-svg-icon svg:first-child{\nfill:#ffffff;\nstroke:#ffffff;\n}\n<\/style>\n<a href='https:\/\/pastisseriamontserratcardona.com\/es\/contactar\/'  class='avia-button av-khlub9ir-8692be98da95ffe6b7dc1d2a3bea48f3 av-link-btn avia-icon_select-no avia-size-large avia-position-center avia-font-color-theme-color'   aria-label=\"Contacta con nosotros\"><span class='avia_iconbox_title' >Contacta con nosotros<\/span><span class='avia_button_background avia-button avia-color-theme-color-highlight' ><\/span><\/a><\/div><\/p><\/div><\/div><\/div><\/div><!-- close content main div --><\/div><\/div><div id='av_section_1'  class='avia-section av-2awigv-669a2a3d869e5f462fc4c08e7f299c67 main_color avia-section-default avia-no-border-styling  avia-builder-el-12  el_after_av_two_third  avia-builder-el-last  avia-bg-style-scroll container_wrap fullsize'  ><div class='container av-section-cont-open' ><div class='template-page content  av-content-full alpha units'><div class='post-entry post-entry-type-page post-entry-1810'><div class='entry-content-wrapper clearfix'>\n\n<style type=\"text\/css\" data-created_by=\"avia_inline_auto\" id=\"style-css-av-khltpsyf-4ebf83803627797e8f47593584dfbda4\">\n#top .hr.hr-invisible.av-khltpsyf-4ebf83803627797e8f47593584dfbda4{\nheight:30px;\n}\n<\/style>\n<div  class='hr av-khltpsyf-4ebf83803627797e8f47593584dfbda4 hr-invisible  avia-builder-el-13  avia-builder-el-no-sibling '><span class='hr-inner '><span class=\"hr-inner-style\"><\/span><\/span><\/div>\n<\/p>\n","protected":false},"excerpt":{"rendered":"","protected":false},"author":2,"featured_media":0,"parent":0,"menu_order":0,"comment_status":"closed","ping_status":"closed","template":"","meta":{"footnotes":""},"class_list":["post-1810","page","type-page","status-publish","hentry"],"yoast_head":"<!-- This site is optimized with the Yoast SEO plugin v27.6 - https:\/\/yoast.com\/product\/yoast-seo-wordpress\/ -->\n<title>Sin gluten - Pastisseria Montserrat Cardona<\/title>\n<meta name=\"robots\" content=\"index, follow, max-snippet:-1, max-image-preview:large, max-video-preview:-1\" \/>\n<link rel=\"canonical\" href=\"https:\/\/pastisseriamontserratcardona.com\/es\/sense-gluten\/\" \/>\n<meta property=\"og:locale\" content=\"es_ES\" \/>\n<meta property=\"og:type\" content=\"article\" \/>\n<meta property=\"og:title\" content=\"Sin gluten - Pastisseria Montserrat Cardona\" \/>\n<meta property=\"og:url\" content=\"https:\/\/pastisseriamontserratcardona.com\/es\/sense-gluten\/\" \/>\n<meta property=\"og:site_name\" content=\"Pastisseria Montserrat Cardona\" \/>\n<meta property=\"article:modified_time\" content=\"2021-02-11T15:32:12+00:00\" \/>\n<meta name=\"twitter:card\" content=\"summary_large_image\" \/>\n<meta name=\"twitter:label1\" content=\"Tiempo de lectura\" \/>\n\t<meta name=\"twitter:data1\" content=\"3 minutos\" \/>\n<script type=\"application\/ld+json\" class=\"yoast-schema-graph\">{\"@context\":\"https:\\\/\\\/schema.org\",\"@graph\":[{\"@type\":\"WebPage\",\"@id\":\"https:\\\/\\\/pastisseriamontserratcardona.com\\\/es\\\/sense-gluten\\\/\",\"url\":\"https:\\\/\\\/pastisseriamontserratcardona.com\\\/es\\\/sense-gluten\\\/\",\"name\":\"Sin gluten - Pastisseria Montserrat Cardona\",\"isPartOf\":{\"@id\":\"https:\\\/\\\/pastisseriamontserratcardona.com\\\/#website\"},\"datePublished\":\"2020-12-21T15:03:20+00:00\",\"dateModified\":\"2021-02-11T15:32:12+00:00\",\"breadcrumb\":{\"@id\":\"https:\\\/\\\/pastisseriamontserratcardona.com\\\/es\\\/sense-gluten\\\/#breadcrumb\"},\"inLanguage\":\"es\",\"potentialAction\":[{\"@type\":\"ReadAction\",\"target\":[\"https:\\\/\\\/pastisseriamontserratcardona.com\\\/es\\\/sense-gluten\\\/\"]}]},{\"@type\":\"BreadcrumbList\",\"@id\":\"https:\\\/\\\/pastisseriamontserratcardona.com\\\/es\\\/sense-gluten\\\/#breadcrumb\",\"itemListElement\":[{\"@type\":\"ListItem\",\"position\":1,\"name\":\"Inici\",\"item\":\"https:\\\/\\\/pastisseriamontserratcardona.com\\\/es\\\/\"},{\"@type\":\"ListItem\",\"position\":2,\"name\":\"Sin gluten\"}]},{\"@type\":\"WebSite\",\"@id\":\"https:\\\/\\\/pastisseriamontserratcardona.com\\\/#website\",\"url\":\"https:\\\/\\\/pastisseriamontserratcardona.com\\\/\",\"name\":\"Pastisseria Montserrat Cardona\",\"description\":\"Just another WordPress site\",\"potentialAction\":[{\"@type\":\"SearchAction\",\"target\":{\"@type\":\"EntryPoint\",\"urlTemplate\":\"https:\\\/\\\/pastisseriamontserratcardona.com\\\/?s={search_term_string}\"},\"query-input\":{\"@type\":\"PropertyValueSpecification\",\"valueRequired\":true,\"valueName\":\"search_term_string\"}}],\"inLanguage\":\"es\"}]}<\/script>\n<!-- \/ Yoast SEO plugin. -->","yoast_head_json":{"title":"Sin gluten - Pastisseria Montserrat Cardona","robots":{"index":"index","follow":"follow","max-snippet":"max-snippet:-1","max-image-preview":"max-image-preview:large","max-video-preview":"max-video-preview:-1"},"canonical":"https:\/\/pastisseriamontserratcardona.com\/es\/sense-gluten\/","og_locale":"es_ES","og_type":"article","og_title":"Sin gluten - Pastisseria Montserrat Cardona","og_url":"https:\/\/pastisseriamontserratcardona.com\/es\/sense-gluten\/","og_site_name":"Pastisseria Montserrat Cardona","article_modified_time":"2021-02-11T15:32:12+00:00","twitter_card":"summary_large_image","twitter_misc":{"Tiempo de lectura":"3 minutos"},"schema":{"@context":"https:\/\/schema.org","@graph":[{"@type":"WebPage","@id":"https:\/\/pastisseriamontserratcardona.com\/es\/sense-gluten\/","url":"https:\/\/pastisseriamontserratcardona.com\/es\/sense-gluten\/","name":"Sin gluten - Pastisseria Montserrat Cardona","isPartOf":{"@id":"https:\/\/pastisseriamontserratcardona.com\/#website"},"datePublished":"2020-12-21T15:03:20+00:00","dateModified":"2021-02-11T15:32:12+00:00","breadcrumb":{"@id":"https:\/\/pastisseriamontserratcardona.com\/es\/sense-gluten\/#breadcrumb"},"inLanguage":"es","potentialAction":[{"@type":"ReadAction","target":["https:\/\/pastisseriamontserratcardona.com\/es\/sense-gluten\/"]}]},{"@type":"BreadcrumbList","@id":"https:\/\/pastisseriamontserratcardona.com\/es\/sense-gluten\/#breadcrumb","itemListElement":[{"@type":"ListItem","position":1,"name":"Inici","item":"https:\/\/pastisseriamontserratcardona.com\/es\/"},{"@type":"ListItem","position":2,"name":"Sin gluten"}]},{"@type":"WebSite","@id":"https:\/\/pastisseriamontserratcardona.com\/#website","url":"https:\/\/pastisseriamontserratcardona.com\/","name":"Pastisseria Montserrat Cardona","description":"Just another WordPress site","potentialAction":[{"@type":"SearchAction","target":{"@type":"EntryPoint","urlTemplate":"https:\/\/pastisseriamontserratcardona.com\/?s={search_term_string}"},"query-input":{"@type":"PropertyValueSpecification","valueRequired":true,"valueName":"search_term_string"}}],"inLanguage":"es"}]}},"_links":{"self":[{"href":"https:\/\/pastisseriamontserratcardona.com\/es\/wp-json\/wp\/v2\/pages\/1810","targetHints":{"allow":["GET"]}}],"collection":[{"href":"https:\/\/pastisseriamontserratcardona.com\/es\/wp-json\/wp\/v2\/pages"}],"about":[{"href":"https:\/\/pastisseriamontserratcardona.com\/es\/wp-json\/wp\/v2\/types\/page"}],"author":[{"embeddable":true,"href":"https:\/\/pastisseriamontserratcardona.com\/es\/wp-json\/wp\/v2\/users\/2"}],"replies":[{"embeddable":true,"href":"https:\/\/pastisseriamontserratcardona.com\/es\/wp-json\/wp\/v2\/comments?post=1810"}],"version-history":[{"count":0,"href":"https:\/\/pastisseriamontserratcardona.com\/es\/wp-json\/wp\/v2\/pages\/1810\/revisions"}],"wp:attachment":[{"href":"https:\/\/pastisseriamontserratcardona.com\/es\/wp-json\/wp\/v2\/media?parent=1810"}],"curies":[{"name":"wp","href":"https:\/\/api.w.org\/{rel}","templated":true}]}}